{"id":2,"date":"2025-02-05T09:00:41","date_gmt":"2025-02-05T09:00:41","guid":{"rendered":"https:\/\/zovmaps.com\/?page_id=2"},"modified":"2025-03-05T13:57:12","modified_gmt":"2025-03-05T13:57:12","slug":"support","status":"publish","type":"page","link":"https:\/\/zovmaps.com\/es\/support\/","title":{"rendered":"Servicio de asistencia"},"content":{"rendered":"<p>El servicio de asistencia s\u00f3lo est\u00e1 disponible para usuarios verificados. <br \/>Para obtener acceso, inicie sesi\u00f3n y pase por el proceso de verificaci\u00f3n.<\/p>","protected":false},"excerpt":{"rendered":"","protected":false},"author":244,"featured_media":0,"parent":0,"menu_order":0,"comment_status":"closed","ping_status":"open","template":"","meta":{"_acf_changed":false,"footnotes":""},"class_list":["post-2","page","type-page","status-publish","hentry"],"acf":[],"yoast_head":"<!-- This site is optimized with the Yoast SEO plugin v27.4 - https:\/\/yoast.com\/product\/yoast-seo-wordpress\/ -->\n<title>\u0421\u043b\u0443\u0436\u0431\u0430 \u043f\u043e\u0434\u0434\u0435\u0440\u0436\u043a\u0438 - \u00abZOV \u041a\u0430\u0440\u0442\u044b\u00bb \u2014 \u041c\u043e\u0431\u0438\u043b\u044c\u043d\u044b\u0439 \u0433\u0435\u043e\u0438\u043d\u0444\u043e\u0440\u043c\u0430\u0446\u0438\u043e\u043d\u043d\u044b\u0439 \u043a\u043e\u043c\u043f\u043b\u0435\u043a\u0441 \u0442\u0430\u043a\u0442\u0438\u0447\u0435\u0441\u043a\u043e\u0433\u043e \u043d\u0430\u0437\u043d\u0430\u0447\u0435\u043d\u0438\u044f<\/title>\n<meta name=\"robots\" content=\"index, follow, max-snippet:-1, max-image-preview:large, max-video-preview:-1\" \/>\n<link rel=\"canonical\" href=\"https:\/\/zovmaps.com\/es\/support\/\" \/>\n<meta property=\"og:locale\" content=\"es_ES\" \/>\n<meta property=\"og:type\" content=\"article\" \/>\n<meta property=\"og:title\" content=\"\u0421\u043b\u0443\u0436\u0431\u0430 \u043f\u043e\u0434\u0434\u0435\u0440\u0436\u043a\u0438 - \u00abZOV \u041a\u0430\u0440\u0442\u044b\u00bb \u2014 \u041c\u043e\u0431\u0438\u043b\u044c\u043d\u044b\u0439 \u0433\u0435\u043e\u0438\u043d\u0444\u043e\u0440\u043c\u0430\u0446\u0438\u043e\u043d\u043d\u044b\u0439 \u043a\u043e\u043c\u043f\u043b\u0435\u043a\u0441 \u0442\u0430\u043a\u0442\u0438\u0447\u0435\u0441\u043a\u043e\u0433\u043e \u043d\u0430\u0437\u043d\u0430\u0447\u0435\u043d\u0438\u044f\" \/>\n<meta property=\"og:url\" content=\"https:\/\/zovmaps.com\/es\/support\/\" \/>\n<meta property=\"og:site_name\" content=\"\u00abZOV \u041a\u0430\u0440\u0442\u044b\u00bb \u2014 \u041c\u043e\u0431\u0438\u043b\u044c\u043d\u044b\u0439 \u0433\u0435\u043e\u0438\u043d\u0444\u043e\u0440\u043c\u0430\u0446\u0438\u043e\u043d\u043d\u044b\u0439 \u043a\u043e\u043c\u043f\u043b\u0435\u043a\u0441 \u0442\u0430\u043a\u0442\u0438\u0447\u0435\u0441\u043a\u043e\u0433\u043e \u043d\u0430\u0437\u043d\u0430\u0447\u0435\u043d\u0438\u044f\" \/>\n<meta property=\"article:modified_time\" content=\"2025-03-05T13:57:12+00:00\" \/>\n<meta name=\"twitter:card\" content=\"summary_large_image\" \/>\n<meta name=\"twitter:label1\" content=\"Tiempo de lectura\" \/>\n\t<meta name=\"twitter:data1\" content=\"1 minuto\" \/>\n<script type=\"application\/ld+json\" class=\"yoast-schema-graph\">{\"@context\":\"https:\\\/\\\/schema.org\",\"@graph\":[{\"@type\":\"WebPage\",\"@id\":\"https:\\\/\\\/zovmaps.com\\\/support\\\/\",\"url\":\"https:\\\/\\\/zovmaps.com\\\/support\\\/\",\"name\":\"\u0421\u043b\u0443\u0436\u0431\u0430 \u043f\u043e\u0434\u0434\u0435\u0440\u0436\u043a\u0438 - \u00abZOV \u041a\u0430\u0440\u0442\u044b\u00bb \u2014 \u041c\u043e\u0431\u0438\u043b\u044c\u043d\u044b\u0439 \u0433\u0435\u043e\u0438\u043d\u0444\u043e\u0440\u043c\u0430\u0446\u0438\u043e\u043d\u043d\u044b\u0439 \u043a\u043e\u043c\u043f\u043b\u0435\u043a\u0441 \u0442\u0430\u043a\u0442\u0438\u0447\u0435\u0441\u043a\u043e\u0433\u043e \u043d\u0430\u0437\u043d\u0430\u0447\u0435\u043d\u0438\u044f\",\"isPartOf\":{\"@id\":\"https:\\\/\\\/zovmaps.com\\\/#website\"},\"datePublished\":\"2025-02-05T09:00:41+00:00\",\"dateModified\":\"2025-03-05T13:57:12+00:00\",\"breadcrumb\":{\"@id\":\"https:\\\/\\\/zovmaps.com\\\/support\\\/#breadcrumb\"},\"inLanguage\":\"es\",\"potentialAction\":[{\"@type\":\"ReadAction\",\"target\":[\"https:\\\/\\\/zovmaps.com\\\/support\\\/\"]}]},{\"@type\":\"BreadcrumbList\",\"@id\":\"https:\\\/\\\/zovmaps.com\\\/support\\\/#breadcrumb\",\"itemListElement\":[{\"@type\":\"ListItem\",\"position\":1,\"name\":\"\u0413\u043b\u0430\u0432\u043d\u0430\u044f\",\"item\":\"https:\\\/\\\/zovmaps.com\\\/\"},{\"@type\":\"ListItem\",\"position\":2,\"name\":\"\u0421\u043b\u0443\u0436\u0431\u0430 \u043f\u043e\u0434\u0434\u0435\u0440\u0436\u043a\u0438\"}]},{\"@type\":\"WebSite\",\"@id\":\"https:\\\/\\\/zovmaps.com\\\/#website\",\"url\":\"https:\\\/\\\/zovmaps.com\\\/\",\"name\":\"\u00abZOV \u041a\u0430\u0440\u0442\u044b\u00bb \u2014 \u041c\u043e\u0431\u0438\u043b\u044c\u043d\u044b\u0439 \u0433\u0435\u043e\u0438\u043d\u0444\u043e\u0440\u043c\u0430\u0446\u0438\u043e\u043d\u043d\u044b\u0439 \u043a\u043e\u043c\u043f\u043b\u0435\u043a\u0441 \u0442\u0430\u043a\u0442\u0438\u0447\u0435\u0441\u043a\u043e\u0433\u043e \u043d\u0430\u0437\u043d\u0430\u0447\u0435\u043d\u0438\u044f\",\"description\":\"\u0423\u043d\u0438\u0432\u0435\u0440\u0441\u0430\u043b\u044c\u043d\u043e\u0435 \u043c\u043e\u0431\u0438\u043b\u044c\u043d\u043e\u0435 \u043f\u0440\u0438\u043b\u043e\u0436\u0435\u043d\u0438\u0435 \u0434\u043b\u044f \u043d\u0430\u0432\u0438\u0433\u0430\u0446\u0438\u0438, \u0442\u0430\u043a\u0442\u0438\u0447\u0435\u0441\u043a\u043e\u0433\u043e \u043f\u043b\u0430\u043d\u0438\u0440\u043e\u0432\u0430\u043d\u0438\u044f \u0438 \u043a\u043e\u043e\u0440\u0434\u0438\u043d\u0430\u0446\u0438\u0438 \u0434\u0435\u0439\u0441\u0442\u0432\u0438\u0439 \u043f\u043e\u0434\u0440\u0430\u0437\u0434\u0435\u043b\u0435\u043d\u0438\u0439 \u0432 \u0430\u0432\u0442\u043e\u043d\u043e\u043c\u043d\u043e\u043c \u0440\u0435\u0436\u0438\u043c\u0435.\",\"publisher\":{\"@id\":\"https:\\\/\\\/zovmaps.com\\\/#organization\"},\"potentialAction\":[{\"@type\":\"SearchAction\",\"target\":{\"@type\":\"EntryPoint\",\"urlTemplate\":\"https:\\\/\\\/zovmaps.com\\\/?s={search_term_string}\"},\"query-input\":{\"@type\":\"PropertyValueSpecification\",\"valueRequired\":true,\"valueName\":\"search_term_string\"}}],\"inLanguage\":\"es\"},{\"@type\":\"Organization\",\"@id\":\"https:\\\/\\\/zovmaps.com\\\/#organization\",\"name\":\"\u00abZOV \u041a\u0430\u0440\u0442\u044b\u00bb \u2014 \u041c\u043e\u0431\u0438\u043b\u044c\u043d\u044b\u0439 \u0433\u0435\u043e\u0438\u043d\u0444\u043e\u0440\u043c\u0430\u0446\u0438\u043e\u043d\u043d\u044b\u0439 \u043a\u043e\u043c\u043f\u043b\u0435\u043a\u0441 \u0442\u0430\u043a\u0442\u0438\u0447\u0435\u0441\u043a\u043e\u0433\u043e \u043d\u0430\u0437\u043d\u0430\u0447\u0435\u043d\u0438\u044f\",\"url\":\"https:\\\/\\\/zovmaps.com\\\/\",\"logo\":{\"@type\":\"ImageObject\",\"inLanguage\":\"es\",\"@id\":\"https:\\\/\\\/zovmaps.com\\\/#\\\/schema\\\/logo\\\/image\\\/\",\"url\":\"https:\\\/\\\/zovmaps.com\\\/wp-content\\\/uploads\\\/2025\\\/03\\\/logo-white.png\",\"contentUrl\":\"https:\\\/\\\/zovmaps.com\\\/wp-content\\\/uploads\\\/2025\\\/03\\\/logo-white.png\",\"width\":952,\"height\":204,\"caption\":\"\u00abZOV \u041a\u0430\u0440\u0442\u044b\u00bb \u2014 \u041c\u043e\u0431\u0438\u043b\u044c\u043d\u044b\u0439 \u0433\u0435\u043e\u0438\u043d\u0444\u043e\u0440\u043c\u0430\u0446\u0438\u043e\u043d\u043d\u044b\u0439 \u043a\u043e\u043c\u043f\u043b\u0435\u043a\u0441 \u0442\u0430\u043a\u0442\u0438\u0447\u0435\u0441\u043a\u043e\u0433\u043e \u043d\u0430\u0437\u043d\u0430\u0447\u0435\u043d\u0438\u044f\"},\"image\":{\"@id\":\"https:\\\/\\\/zovmaps.com\\\/#\\\/schema\\\/logo\\\/image\\\/\"}}]}<\/script>\n<!-- \/ Yoast SEO plugin. -->","yoast_head_json":{"title":"Servicio de asistencia - \"ZOV Maps\" - Sistema m\u00f3vil de geoinformaci\u00f3n t\u00e1ctica","robots":{"index":"index","follow":"follow","max-snippet":"max-snippet:-1","max-image-preview":"max-image-preview:large","max-video-preview":"max-video-preview:-1"},"canonical":"https:\/\/zovmaps.com\/es\/support\/","og_locale":"es_ES","og_type":"article","og_title":"\u0421\u043b\u0443\u0436\u0431\u0430 \u043f\u043e\u0434\u0434\u0435\u0440\u0436\u043a\u0438 - \u00abZOV \u041a\u0430\u0440\u0442\u044b\u00bb \u2014 \u041c\u043e\u0431\u0438\u043b\u044c\u043d\u044b\u0439 \u0433\u0435\u043e\u0438\u043d\u0444\u043e\u0440\u043c\u0430\u0446\u0438\u043e\u043d\u043d\u044b\u0439 \u043a\u043e\u043c\u043f\u043b\u0435\u043a\u0441 \u0442\u0430\u043a\u0442\u0438\u0447\u0435\u0441\u043a\u043e\u0433\u043e \u043d\u0430\u0437\u043d\u0430\u0447\u0435\u043d\u0438\u044f","og_url":"https:\/\/zovmaps.com\/es\/support\/","og_site_name":"\u00abZOV \u041a\u0430\u0440\u0442\u044b\u00bb \u2014 \u041c\u043e\u0431\u0438\u043b\u044c\u043d\u044b\u0439 \u0433\u0435\u043e\u0438\u043d\u0444\u043e\u0440\u043c\u0430\u0446\u0438\u043e\u043d\u043d\u044b\u0439 \u043a\u043e\u043c\u043f\u043b\u0435\u043a\u0441 \u0442\u0430\u043a\u0442\u0438\u0447\u0435\u0441\u043a\u043e\u0433\u043e \u043d\u0430\u0437\u043d\u0430\u0447\u0435\u043d\u0438\u044f","article_modified_time":"2025-03-05T13:57:12+00:00","twitter_card":"summary_large_image","twitter_misc":{"Tiempo de lectura":"1 minuto"},"schema":{"@context":"https:\/\/schema.org","@graph":[{"@type":"WebPage","@id":"https:\/\/zovmaps.com\/support\/","url":"https:\/\/zovmaps.com\/support\/","name":"Servicio de asistencia - \"ZOV Maps\" - Sistema m\u00f3vil de geoinformaci\u00f3n t\u00e1ctica","isPartOf":{"@id":"https:\/\/zovmaps.com\/#website"},"datePublished":"2025-02-05T09:00:41+00:00","dateModified":"2025-03-05T13:57:12+00:00","breadcrumb":{"@id":"https:\/\/zovmaps.com\/support\/#breadcrumb"},"inLanguage":"es","potentialAction":[{"@type":"ReadAction","target":["https:\/\/zovmaps.com\/support\/"]}]},{"@type":"BreadcrumbList","@id":"https:\/\/zovmaps.com\/support\/#breadcrumb","itemListElement":[{"@type":"ListItem","position":1,"name":"\u0413\u043b\u0430\u0432\u043d\u0430\u044f","item":"https:\/\/zovmaps.com\/"},{"@type":"ListItem","position":2,"name":"\u0421\u043b\u0443\u0436\u0431\u0430 \u043f\u043e\u0434\u0434\u0435\u0440\u0436\u043a\u0438"}]},{"@type":"WebSite","@id":"https:\/\/zovmaps.com\/#website","url":"https:\/\/zovmaps.com\/","name":"\"ZOV Maps\" - Complejo de geoinformaci\u00f3n m\u00f3vil para uso t\u00e1ctico","description":"Aplicaci\u00f3n m\u00f3vil universal para navegaci\u00f3n, planificaci\u00f3n t\u00e1ctica y coordinaci\u00f3n offline de unidades.","publisher":{"@id":"https:\/\/zovmaps.com\/#organization"},"potentialAction":[{"@type":"SearchAction","target":{"@type":"EntryPoint","urlTemplate":"https:\/\/zovmaps.com\/?s={search_term_string}"},"query-input":{"@type":"PropertyValueSpecification","valueRequired":true,"valueName":"search_term_string"}}],"inLanguage":"es"},{"@type":"Organization","@id":"https:\/\/zovmaps.com\/#organization","name":"\"ZOV Maps\" - Complejo de geoinformaci\u00f3n m\u00f3vil para uso t\u00e1ctico","url":"https:\/\/zovmaps.com\/","logo":{"@type":"ImageObject","inLanguage":"es","@id":"https:\/\/zovmaps.com\/#\/schema\/logo\/image\/","url":"https:\/\/zovmaps.com\/wp-content\/uploads\/2025\/03\/logo-white.png","contentUrl":"https:\/\/zovmaps.com\/wp-content\/uploads\/2025\/03\/logo-white.png","width":952,"height":204,"caption":"\u00abZOV \u041a\u0430\u0440\u0442\u044b\u00bb \u2014 \u041c\u043e\u0431\u0438\u043b\u044c\u043d\u044b\u0439 \u0433\u0435\u043e\u0438\u043d\u0444\u043e\u0440\u043c\u0430\u0446\u0438\u043e\u043d\u043d\u044b\u0439 \u043a\u043e\u043c\u043f\u043b\u0435\u043a\u0441 \u0442\u0430\u043a\u0442\u0438\u0447\u0435\u0441\u043a\u043e\u0433\u043e \u043d\u0430\u0437\u043d\u0430\u0447\u0435\u043d\u0438\u044f"},"image":{"@id":"https:\/\/zovmaps.com\/#\/schema\/logo\/image\/"}}]}},"_links":{"self":[{"href":"https:\/\/zovmaps.com\/es\/wp-json\/wp\/v2\/pages\/2","targetHints":{"allow":["GET"]}}],"collection":[{"href":"https:\/\/zovmaps.com\/es\/wp-json\/wp\/v2\/pages"}],"about":[{"href":"https:\/\/zovmaps.com\/es\/wp-json\/wp\/v2\/types\/page"}],"author":[{"embeddable":true,"href":"https:\/\/zovmaps.com\/es\/wp-json\/wp\/v2\/users\/244"}],"replies":[{"embeddable":true,"href":"https:\/\/zovmaps.com\/es\/wp-json\/wp\/v2\/comments?post=2"}],"version-history":[{"count":28,"href":"https:\/\/zovmaps.com\/es\/wp-json\/wp\/v2\/pages\/2\/revisions"}],"predecessor-version":[{"id":671,"href":"https:\/\/zovmaps.com\/es\/wp-json\/wp\/v2\/pages\/2\/revisions\/671"}],"wp:attachment":[{"href":"https:\/\/zovmaps.com\/es\/wp-json\/wp\/v2\/media?parent=2"}],"curies":[{"name":"wp","href":"https:\/\/api.w.org\/{rel}","templated":true}]}}