{"id":3554,"date":"2025-06-12T11:29:01","date_gmt":"2025-06-12T08:29:01","guid":{"rendered":"https:\/\/zovmaps.com\/?page_id=3554"},"modified":"2025-06-12T11:31:04","modified_gmt":"2025-06-12T08:31:04","slug":"pozdravljaem-s-dnjom-rossii","status":"publish","type":"page","link":"https:\/\/zovmaps.com\/fr\/news\/pozdravljaem-s-dnjom-rossii\/","title":{"rendered":"F\u00e9licitations pour la Journ\u00e9e de la Russie !"},"content":{"rendered":"<div class=\"wp-block-media-text is-stacked-on-mobile is-vertically-aligned-top\"><figure class=\"wp-block-media-text__media\"><img loading=\"lazy\" decoding=\"async\" width=\"1024\" height=\"1024\" src=\"https:\/\/zovmaps.com\/wp-content\/uploads\/2025\/06\/s-dnjom-rossii-1-1024x1024.jpg\" alt=\"\" class=\"wp-image-3555 size-full\" srcset=\"https:\/\/zovmaps.com\/wp-content\/uploads\/2025\/06\/s-dnjom-rossii-1-1024x1024.jpg 1024w, https:\/\/zovmaps.com\/wp-content\/uploads\/2025\/06\/s-dnjom-rossii-1-300x300.jpg 300w, https:\/\/zovmaps.com\/wp-content\/uploads\/2025\/06\/s-dnjom-rossii-1-150x150.jpg 150w, https:\/\/zovmaps.com\/wp-content\/uploads\/2025\/06\/s-dnjom-rossii-1-768x769.jpg 768w, https:\/\/zovmaps.com\/wp-content\/uploads\/2025\/06\/s-dnjom-rossii-1-12x12.jpg 12w, https:\/\/zovmaps.com\/wp-content\/uploads\/2025\/06\/s-dnjom-rossii-1.jpg 1080w\" sizes=\"auto, (max-width: 1024px) 100vw, 1024px\" \/><\/figure><div class=\"wp-block-media-text__content\">\n<p>Pour chacun d&#039;entre nous, la patrie est le lieu de notre naissance, de notre vie, de nos \u00e9tudes, de notre travail et de l&#039;\u00e9ducation de nos enfants. C&#039;est sur nous, sur nos efforts collectifs, sur nos connaissances et sur nos talents, que reposent le pr\u00e9sent et l&#039;avenir de la Russie.<br>Cette f\u00eate est un symbole d'amour et de respect pour la patrie, la f\u00eate de tous ceux qui sont fiers de notre pays, qui croient en lui, qui se sentent responsables de son pr\u00e9sent et de son avenir. Qui prennent soin d'elle aujourd'hui et pensent \u00e0 son avenir. Qui d\u00e9fend notre pays et l'aide \u00e0 devenir plus fort et meilleur.<br>Nous vous f\u00e9licitons \u00e0 l'occasion de la f\u00eate de la Grande Russie, de la prosp\u00e9rit\u00e9 et du bien-\u00eatre de notre sage M\u00e8re !<br>Joyeuses f\u00eates de fin d'ann\u00e9e, chers amis !<\/p>\n\n\n\n<p>Salutations, l'\u00e9quipe de ZOV Maps.<\/p>\n<\/div><\/div>","protected":false},"excerpt":{"rendered":"<p>\u0414\u043b\u044f \u043a\u0430\u0436\u0434\u043e\u0433\u043e \u0438\u0437 \u043d\u0430\u0441 \u0420\u043e\u0434\u0438\u043d\u0430 &#8212; \u044d\u0442\u043e \u043c\u0435\u0441\u0442\u043e, \u0433\u0434\u0435 \u043c\u044b \u0440\u043e\u0434\u0438\u043b\u0438\u0441\u044c, \u0433\u0434\u0435 \u0436\u0438\u0432\u0435\u043c, \u0443\u0447\u0438\u043c\u0441\u044f, \u0440\u0430\u0431\u043e\u0442\u0430\u0435\u043c, \u0440\u0430\u0441\u0442\u0438\u043c \u0434\u0435\u0442\u0435\u0439. \u0418 \u0438\u043c\u0435\u043d\u043d\u043e \u043e\u0442 \u043d\u0430\u0441, \u043e\u0442 \u043d\u0430\u0448\u0438\u0445 \u043e\u0431\u0449\u0438\u0445 \u0434\u0435\u043b, \u043d\u0430\u0448\u0438\u0445 \u0437\u043d\u0430\u043d\u0438\u0439 \u0438 \u0442\u0430\u043b\u0430\u043d\u0442\u043e\u0432 \u0437\u0430\u0432\u0438\u0441\u044f\u0442 \u043d\u0430\u0441\u0442\u043e\u044f\u0449\u0435\u0435 \u0438 \u0431\u0443\u0434\u0443\u0449\u0435\u0435 \u0420\u043e\u0441\u0441\u0438\u0438.\u042d\u0442\u043e\u0442 \u043f\u0440\u0430\u0437\u0434\u043d\u0438\u043a \u2013 \u0441\u0438\u043c\u0432\u043e\u043b \u043b\u044e\u0431\u0432\u0438 \u0438 \u0443\u0432\u0430\u0436\u0435\u043d\u0438\u044f \u043a \u0420\u043e\u0434\u0438\u043d\u0435, \u043f\u0440\u0430\u0437\u0434\u043d\u0438\u043a \u0432\u0441\u0435\u0445, \u043a\u0442\u043e \u0433\u043e\u0440\u0434\u0438\u0442\u0441\u044f \u043d\u0430\u0448\u0435\u0439 \u0441\u0442\u0440\u0430\u043d\u043e\u0439, \u0432\u0435\u0440\u0438\u0442 \u0432 \u043d\u0435\u0451, \u0447\u0443\u0432\u0441\u0442\u0432\u0443\u0435\u0442 \u0441\u0432\u043e\u044e \u043e\u0442\u0432\u0435\u0442\u0441\u0442\u0432\u0435\u043d\u043d\u043e\u0441\u0442\u044c \u0437\u0430 [&hellip;]<\/p>\n","protected":false},"author":247,"featured_media":0,"parent":2183,"menu_order":0,"comment_status":"closed","ping_status":"closed","template":"","meta":{"_acf_changed":false,"footnotes":""},"class_list":["post-3554","page","type-page","status-publish","hentry"],"acf":[],"yoast_head":"<!-- This site is optimized with the Yoast SEO plugin v27.4 - https:\/\/yoast.com\/product\/yoast-seo-wordpress\/ -->\n<title>\u041f\u043e\u0437\u0434\u0440\u0430\u0432\u043b\u044f\u0435\u043c \u0441 \u0414\u043d\u0451\u043c \u0420\u043e\u0441\u0441\u0438\u0438! - \u00abZOV \u041a\u0430\u0440\u0442\u044b\u00bb \u2014 \u041c\u043e\u0431\u0438\u043b\u044c\u043d\u044b\u0439 \u0433\u0435\u043e\u0438\u043d\u0444\u043e\u0440\u043c\u0430\u0446\u0438\u043e\u043d\u043d\u044b\u0439 \u043a\u043e\u043c\u043f\u043b\u0435\u043a\u0441 \u0442\u0430\u043a\u0442\u0438\u0447\u0435\u0441\u043a\u043e\u0433\u043e \u043d\u0430\u0437\u043d\u0430\u0447\u0435\u043d\u0438\u044f<\/title>\n<meta name=\"robots\" content=\"index, follow, max-snippet:-1, max-image-preview:large, max-video-preview:-1\" \/>\n<link rel=\"canonical\" href=\"https:\/\/zovmaps.com\/fr\/news\/pozdravljaem-s-dnjom-rossii\/\" \/>\n<meta property=\"og:locale\" content=\"fr_FR\" \/>\n<meta property=\"og:type\" content=\"article\" \/>\n<meta property=\"og:title\" content=\"\u041f\u043e\u0437\u0434\u0440\u0430\u0432\u043b\u044f\u0435\u043c \u0441 \u0414\u043d\u0451\u043c \u0420\u043e\u0441\u0441\u0438\u0438! - \u00abZOV \u041a\u0430\u0440\u0442\u044b\u00bb \u2014 \u041c\u043e\u0431\u0438\u043b\u044c\u043d\u044b\u0439 \u0433\u0435\u043e\u0438\u043d\u0444\u043e\u0440\u043c\u0430\u0446\u0438\u043e\u043d\u043d\u044b\u0439 \u043a\u043e\u043c\u043f\u043b\u0435\u043a\u0441 \u0442\u0430\u043a\u0442\u0438\u0447\u0435\u0441\u043a\u043e\u0433\u043e \u043d\u0430\u0437\u043d\u0430\u0447\u0435\u043d\u0438\u044f\" \/>\n<meta property=\"og:description\" content=\"\u0414\u043b\u044f \u043a\u0430\u0436\u0434\u043e\u0433\u043e \u0438\u0437 \u043d\u0430\u0441 \u0420\u043e\u0434\u0438\u043d\u0430 &#8212; \u044d\u0442\u043e \u043c\u0435\u0441\u0442\u043e, \u0433\u0434\u0435 \u043c\u044b \u0440\u043e\u0434\u0438\u043b\u0438\u0441\u044c, \u0433\u0434\u0435 \u0436\u0438\u0432\u0435\u043c, \u0443\u0447\u0438\u043c\u0441\u044f, \u0440\u0430\u0431\u043e\u0442\u0430\u0435\u043c, \u0440\u0430\u0441\u0442\u0438\u043c \u0434\u0435\u0442\u0435\u0439. \u0418 \u0438\u043c\u0435\u043d\u043d\u043e \u043e\u0442 \u043d\u0430\u0441, \u043e\u0442 \u043d\u0430\u0448\u0438\u0445 \u043e\u0431\u0449\u0438\u0445 \u0434\u0435\u043b, \u043d\u0430\u0448\u0438\u0445 \u0437\u043d\u0430\u043d\u0438\u0439 \u0438 \u0442\u0430\u043b\u0430\u043d\u0442\u043e\u0432 \u0437\u0430\u0432\u0438\u0441\u044f\u0442 \u043d\u0430\u0441\u0442\u043e\u044f\u0449\u0435\u0435 \u0438 \u0431\u0443\u0434\u0443\u0449\u0435\u0435 \u0420\u043e\u0441\u0441\u0438\u0438.\u042d\u0442\u043e\u0442 \u043f\u0440\u0430\u0437\u0434\u043d\u0438\u043a \u2013 \u0441\u0438\u043c\u0432\u043e\u043b \u043b\u044e\u0431\u0432\u0438 \u0438 \u0443\u0432\u0430\u0436\u0435\u043d\u0438\u044f \u043a \u0420\u043e\u0434\u0438\u043d\u0435, \u043f\u0440\u0430\u0437\u0434\u043d\u0438\u043a \u0432\u0441\u0435\u0445, \u043a\u0442\u043e \u0433\u043e\u0440\u0434\u0438\u0442\u0441\u044f \u043d\u0430\u0448\u0435\u0439 \u0441\u0442\u0440\u0430\u043d\u043e\u0439, \u0432\u0435\u0440\u0438\u0442 \u0432 \u043d\u0435\u0451, \u0447\u0443\u0432\u0441\u0442\u0432\u0443\u0435\u0442 \u0441\u0432\u043e\u044e \u043e\u0442\u0432\u0435\u0442\u0441\u0442\u0432\u0435\u043d\u043d\u043e\u0441\u0442\u044c \u0437\u0430 [&hellip;]\" \/>\n<meta property=\"og:url\" content=\"https:\/\/zovmaps.com\/fr\/news\/pozdravljaem-s-dnjom-rossii\/\" \/>\n<meta property=\"og:site_name\" content=\"\u00abZOV \u041a\u0430\u0440\u0442\u044b\u00bb \u2014 \u041c\u043e\u0431\u0438\u043b\u044c\u043d\u044b\u0439 \u0433\u0435\u043e\u0438\u043d\u0444\u043e\u0440\u043c\u0430\u0446\u0438\u043e\u043d\u043d\u044b\u0439 \u043a\u043e\u043c\u043f\u043b\u0435\u043a\u0441 \u0442\u0430\u043a\u0442\u0438\u0447\u0435\u0441\u043a\u043e\u0433\u043e \u043d\u0430\u0437\u043d\u0430\u0447\u0435\u043d\u0438\u044f\" \/>\n<meta property=\"article:modified_time\" content=\"2025-06-12T08:31:04+00:00\" \/>\n<meta property=\"og:image\" content=\"https:\/\/zovmaps.com\/wp-content\/uploads\/2025\/06\/s-dnjom-rossii-1.jpg\" \/>\n\t<meta property=\"og:image:width\" content=\"1080\" \/>\n\t<meta property=\"og:image:height\" content=\"1081\" \/>\n\t<meta property=\"og:image:type\" content=\"image\/jpeg\" \/>\n<meta name=\"twitter:card\" content=\"summary_large_image\" \/>\n<meta name=\"twitter:label1\" content=\"Dur\u00e9e de lecture estim\u00e9e\" \/>\n\t<meta name=\"twitter:data1\" content=\"1 minute\" \/>\n<script type=\"application\/ld+json\" class=\"yoast-schema-graph\">{\"@context\":\"https:\\\/\\\/schema.org\",\"@graph\":[{\"@type\":\"WebPage\",\"@id\":\"https:\\\/\\\/zovmaps.com\\\/news\\\/pozdravljaem-s-dnjom-rossii\\\/\",\"url\":\"https:\\\/\\\/zovmaps.com\\\/news\\\/pozdravljaem-s-dnjom-rossii\\\/\",\"name\":\"\u041f\u043e\u0437\u0434\u0440\u0430\u0432\u043b\u044f\u0435\u043c \u0441 \u0414\u043d\u0451\u043c \u0420\u043e\u0441\u0441\u0438\u0438! - \u00abZOV \u041a\u0430\u0440\u0442\u044b\u00bb \u2014 \u041c\u043e\u0431\u0438\u043b\u044c\u043d\u044b\u0439 \u0433\u0435\u043e\u0438\u043d\u0444\u043e\u0440\u043c\u0430\u0446\u0438\u043e\u043d\u043d\u044b\u0439 \u043a\u043e\u043c\u043f\u043b\u0435\u043a\u0441 \u0442\u0430\u043a\u0442\u0438\u0447\u0435\u0441\u043a\u043e\u0433\u043e \u043d\u0430\u0437\u043d\u0430\u0447\u0435\u043d\u0438\u044f\",\"isPartOf\":{\"@id\":\"https:\\\/\\\/zovmaps.com\\\/#website\"},\"primaryImageOfPage\":{\"@id\":\"https:\\\/\\\/zovmaps.com\\\/news\\\/pozdravljaem-s-dnjom-rossii\\\/#primaryimage\"},\"image\":{\"@id\":\"https:\\\/\\\/zovmaps.com\\\/news\\\/pozdravljaem-s-dnjom-rossii\\\/#primaryimage\"},\"thumbnailUrl\":\"https:\\\/\\\/zovmaps.com\\\/wp-content\\\/uploads\\\/2025\\\/06\\\/s-dnjom-rossii-1-1024x1024.jpg\",\"datePublished\":\"2025-06-12T08:29:01+00:00\",\"dateModified\":\"2025-06-12T08:31:04+00:00\",\"breadcrumb\":{\"@id\":\"https:\\\/\\\/zovmaps.com\\\/news\\\/pozdravljaem-s-dnjom-rossii\\\/#breadcrumb\"},\"inLanguage\":\"fr-FR\",\"potentialAction\":[{\"@type\":\"ReadAction\",\"target\":[\"https:\\\/\\\/zovmaps.com\\\/news\\\/pozdravljaem-s-dnjom-rossii\\\/\"]}]},{\"@type\":\"ImageObject\",\"inLanguage\":\"fr-FR\",\"@id\":\"https:\\\/\\\/zovmaps.com\\\/news\\\/pozdravljaem-s-dnjom-rossii\\\/#primaryimage\",\"url\":\"https:\\\/\\\/zovmaps.com\\\/wp-content\\\/uploads\\\/2025\\\/06\\\/s-dnjom-rossii-1-1024x1024.jpg\",\"contentUrl\":\"https:\\\/\\\/zovmaps.com\\\/wp-content\\\/uploads\\\/2025\\\/06\\\/s-dnjom-rossii-1-1024x1024.jpg\"},{\"@type\":\"BreadcrumbList\",\"@id\":\"https:\\\/\\\/zovmaps.com\\\/news\\\/pozdravljaem-s-dnjom-rossii\\\/#breadcrumb\",\"itemListElement\":[{\"@type\":\"ListItem\",\"position\":1,\"name\":\"\u0413\u043b\u0430\u0432\u043d\u0430\u044f\",\"item\":\"https:\\\/\\\/zovmaps.com\\\/\"},{\"@type\":\"ListItem\",\"position\":2,\"name\":\"\u041d\u043e\u0432\u043e\u0441\u0442\u0438\",\"item\":\"https:\\\/\\\/zovmaps.com\\\/news\\\/\"},{\"@type\":\"ListItem\",\"position\":3,\"name\":\"\u041f\u043e\u0437\u0434\u0440\u0430\u0432\u043b\u044f\u0435\u043c \u0441 \u0414\u043d\u0451\u043c \u0420\u043e\u0441\u0441\u0438\u0438!\"}]},{\"@type\":\"WebSite\",\"@id\":\"https:\\\/\\\/zovmaps.com\\\/#website\",\"url\":\"https:\\\/\\\/zovmaps.com\\\/\",\"name\":\"\u00abZOV \u041a\u0430\u0440\u0442\u044b\u00bb \u2014 \u041c\u043e\u0431\u0438\u043b\u044c\u043d\u044b\u0439 \u0433\u0435\u043e\u0438\u043d\u0444\u043e\u0440\u043c\u0430\u0446\u0438\u043e\u043d\u043d\u044b\u0439 \u043a\u043e\u043c\u043f\u043b\u0435\u043a\u0441 \u0442\u0430\u043a\u0442\u0438\u0447\u0435\u0441\u043a\u043e\u0433\u043e \u043d\u0430\u0437\u043d\u0430\u0447\u0435\u043d\u0438\u044f\",\"description\":\"\u0423\u043d\u0438\u0432\u0435\u0440\u0441\u0430\u043b\u044c\u043d\u043e\u0435 \u043c\u043e\u0431\u0438\u043b\u044c\u043d\u043e\u0435 \u043f\u0440\u0438\u043b\u043e\u0436\u0435\u043d\u0438\u0435 \u0434\u043b\u044f \u043d\u0430\u0432\u0438\u0433\u0430\u0446\u0438\u0438, \u0442\u0430\u043a\u0442\u0438\u0447\u0435\u0441\u043a\u043e\u0433\u043e \u043f\u043b\u0430\u043d\u0438\u0440\u043e\u0432\u0430\u043d\u0438\u044f \u0438 \u043a\u043e\u043e\u0440\u0434\u0438\u043d\u0430\u0446\u0438\u0438 \u0434\u0435\u0439\u0441\u0442\u0432\u0438\u0439 \u043f\u043e\u0434\u0440\u0430\u0437\u0434\u0435\u043b\u0435\u043d\u0438\u0439 \u0432 \u0430\u0432\u0442\u043e\u043d\u043e\u043c\u043d\u043e\u043c \u0440\u0435\u0436\u0438\u043c\u0435.\",\"publisher\":{\"@id\":\"https:\\\/\\\/zovmaps.com\\\/#organization\"},\"potentialAction\":[{\"@type\":\"SearchAction\",\"target\":{\"@type\":\"EntryPoint\",\"urlTemplate\":\"https:\\\/\\\/zovmaps.com\\\/?s={search_term_string}\"},\"query-input\":{\"@type\":\"PropertyValueSpecification\",\"valueRequired\":true,\"valueName\":\"search_term_string\"}}],\"inLanguage\":\"fr-FR\"},{\"@type\":\"Organization\",\"@id\":\"https:\\\/\\\/zovmaps.com\\\/#organization\",\"name\":\"\u00abZOV \u041a\u0430\u0440\u0442\u044b\u00bb \u2014 \u041c\u043e\u0431\u0438\u043b\u044c\u043d\u044b\u0439 \u0433\u0435\u043e\u0438\u043d\u0444\u043e\u0440\u043c\u0430\u0446\u0438\u043e\u043d\u043d\u044b\u0439 \u043a\u043e\u043c\u043f\u043b\u0435\u043a\u0441 \u0442\u0430\u043a\u0442\u0438\u0447\u0435\u0441\u043a\u043e\u0433\u043e \u043d\u0430\u0437\u043d\u0430\u0447\u0435\u043d\u0438\u044f\",\"url\":\"https:\\\/\\\/zovmaps.com\\\/\",\"logo\":{\"@type\":\"ImageObject\",\"inLanguage\":\"fr-FR\",\"@id\":\"https:\\\/\\\/zovmaps.com\\\/#\\\/schema\\\/logo\\\/image\\\/\",\"url\":\"https:\\\/\\\/zovmaps.com\\\/wp-content\\\/uploads\\\/2025\\\/03\\\/logo-white.png\",\"contentUrl\":\"https:\\\/\\\/zovmaps.com\\\/wp-content\\\/uploads\\\/2025\\\/03\\\/logo-white.png\",\"width\":952,\"height\":204,\"caption\":\"\u00abZOV \u041a\u0430\u0440\u0442\u044b\u00bb \u2014 \u041c\u043e\u0431\u0438\u043b\u044c\u043d\u044b\u0439 \u0433\u0435\u043e\u0438\u043d\u0444\u043e\u0440\u043c\u0430\u0446\u0438\u043e\u043d\u043d\u044b\u0439 \u043a\u043e\u043c\u043f\u043b\u0435\u043a\u0441 \u0442\u0430\u043a\u0442\u0438\u0447\u0435\u0441\u043a\u043e\u0433\u043e \u043d\u0430\u0437\u043d\u0430\u0447\u0435\u043d\u0438\u044f\"},\"image\":{\"@id\":\"https:\\\/\\\/zovmaps.com\\\/#\\\/schema\\\/logo\\\/image\\\/\"}}]}<\/script>\n<!-- \/ Yoast SEO plugin. -->","yoast_head_json":{"title":"F\u00e9licitations \u00e0 l'occasion de la Journ\u00e9e de la Russie ! - ZOV Maps - Complexe d'information g\u00e9ographique mobile \u00e0 des fins tactiques","robots":{"index":"index","follow":"follow","max-snippet":"max-snippet:-1","max-image-preview":"max-image-preview:large","max-video-preview":"max-video-preview:-1"},"canonical":"https:\/\/zovmaps.com\/fr\/news\/pozdravljaem-s-dnjom-rossii\/","og_locale":"fr_FR","og_type":"article","og_title":"\u041f\u043e\u0437\u0434\u0440\u0430\u0432\u043b\u044f\u0435\u043c \u0441 \u0414\u043d\u0451\u043c \u0420\u043e\u0441\u0441\u0438\u0438! - \u00abZOV \u041a\u0430\u0440\u0442\u044b\u00bb \u2014 \u041c\u043e\u0431\u0438\u043b\u044c\u043d\u044b\u0439 \u0433\u0435\u043e\u0438\u043d\u0444\u043e\u0440\u043c\u0430\u0446\u0438\u043e\u043d\u043d\u044b\u0439 \u043a\u043e\u043c\u043f\u043b\u0435\u043a\u0441 \u0442\u0430\u043a\u0442\u0438\u0447\u0435\u0441\u043a\u043e\u0433\u043e \u043d\u0430\u0437\u043d\u0430\u0447\u0435\u043d\u0438\u044f","og_description":"\u0414\u043b\u044f \u043a\u0430\u0436\u0434\u043e\u0433\u043e \u0438\u0437 \u043d\u0430\u0441 \u0420\u043e\u0434\u0438\u043d\u0430 &#8212; \u044d\u0442\u043e \u043c\u0435\u0441\u0442\u043e, \u0433\u0434\u0435 \u043c\u044b \u0440\u043e\u0434\u0438\u043b\u0438\u0441\u044c, \u0433\u0434\u0435 \u0436\u0438\u0432\u0435\u043c, \u0443\u0447\u0438\u043c\u0441\u044f, \u0440\u0430\u0431\u043e\u0442\u0430\u0435\u043c, \u0440\u0430\u0441\u0442\u0438\u043c \u0434\u0435\u0442\u0435\u0439. \u0418 \u0438\u043c\u0435\u043d\u043d\u043e \u043e\u0442 \u043d\u0430\u0441, \u043e\u0442 \u043d\u0430\u0448\u0438\u0445 \u043e\u0431\u0449\u0438\u0445 \u0434\u0435\u043b, \u043d\u0430\u0448\u0438\u0445 \u0437\u043d\u0430\u043d\u0438\u0439 \u0438 \u0442\u0430\u043b\u0430\u043d\u0442\u043e\u0432 \u0437\u0430\u0432\u0438\u0441\u044f\u0442 \u043d\u0430\u0441\u0442\u043e\u044f\u0449\u0435\u0435 \u0438 \u0431\u0443\u0434\u0443\u0449\u0435\u0435 \u0420\u043e\u0441\u0441\u0438\u0438.\u042d\u0442\u043e\u0442 \u043f\u0440\u0430\u0437\u0434\u043d\u0438\u043a \u2013 \u0441\u0438\u043c\u0432\u043e\u043b \u043b\u044e\u0431\u0432\u0438 \u0438 \u0443\u0432\u0430\u0436\u0435\u043d\u0438\u044f \u043a \u0420\u043e\u0434\u0438\u043d\u0435, \u043f\u0440\u0430\u0437\u0434\u043d\u0438\u043a \u0432\u0441\u0435\u0445, \u043a\u0442\u043e \u0433\u043e\u0440\u0434\u0438\u0442\u0441\u044f \u043d\u0430\u0448\u0435\u0439 \u0441\u0442\u0440\u0430\u043d\u043e\u0439, \u0432\u0435\u0440\u0438\u0442 \u0432 \u043d\u0435\u0451, \u0447\u0443\u0432\u0441\u0442\u0432\u0443\u0435\u0442 \u0441\u0432\u043e\u044e \u043e\u0442\u0432\u0435\u0442\u0441\u0442\u0432\u0435\u043d\u043d\u043e\u0441\u0442\u044c \u0437\u0430 [&hellip;]","og_url":"https:\/\/zovmaps.com\/fr\/news\/pozdravljaem-s-dnjom-rossii\/","og_site_name":"\u00abZOV \u041a\u0430\u0440\u0442\u044b\u00bb \u2014 \u041c\u043e\u0431\u0438\u043b\u044c\u043d\u044b\u0439 \u0433\u0435\u043e\u0438\u043d\u0444\u043e\u0440\u043c\u0430\u0446\u0438\u043e\u043d\u043d\u044b\u0439 \u043a\u043e\u043c\u043f\u043b\u0435\u043a\u0441 \u0442\u0430\u043a\u0442\u0438\u0447\u0435\u0441\u043a\u043e\u0433\u043e \u043d\u0430\u0437\u043d\u0430\u0447\u0435\u043d\u0438\u044f","article_modified_time":"2025-06-12T08:31:04+00:00","og_image":[{"width":1080,"height":1081,"url":"https:\/\/zovmaps.com\/wp-content\/uploads\/2025\/06\/s-dnjom-rossii-1.jpg","type":"image\/jpeg"}],"twitter_card":"summary_large_image","twitter_misc":{"Dur\u00e9e de lecture estim\u00e9e":"1 minute"},"schema":{"@context":"https:\/\/schema.org","@graph":[{"@type":"WebPage","@id":"https:\/\/zovmaps.com\/news\/pozdravljaem-s-dnjom-rossii\/","url":"https:\/\/zovmaps.com\/news\/pozdravljaem-s-dnjom-rossii\/","name":"F\u00e9licitations \u00e0 l'occasion de la Journ\u00e9e de la Russie ! - ZOV Maps - Complexe d'information g\u00e9ographique mobile \u00e0 des fins tactiques","isPartOf":{"@id":"https:\/\/zovmaps.com\/#website"},"primaryImageOfPage":{"@id":"https:\/\/zovmaps.com\/news\/pozdravljaem-s-dnjom-rossii\/#primaryimage"},"image":{"@id":"https:\/\/zovmaps.com\/news\/pozdravljaem-s-dnjom-rossii\/#primaryimage"},"thumbnailUrl":"https:\/\/zovmaps.com\/wp-content\/uploads\/2025\/06\/s-dnjom-rossii-1-1024x1024.jpg","datePublished":"2025-06-12T08:29:01+00:00","dateModified":"2025-06-12T08:31:04+00:00","breadcrumb":{"@id":"https:\/\/zovmaps.com\/news\/pozdravljaem-s-dnjom-rossii\/#breadcrumb"},"inLanguage":"fr-FR","potentialAction":[{"@type":"ReadAction","target":["https:\/\/zovmaps.com\/news\/pozdravljaem-s-dnjom-rossii\/"]}]},{"@type":"ImageObject","inLanguage":"fr-FR","@id":"https:\/\/zovmaps.com\/news\/pozdravljaem-s-dnjom-rossii\/#primaryimage","url":"https:\/\/zovmaps.com\/wp-content\/uploads\/2025\/06\/s-dnjom-rossii-1-1024x1024.jpg","contentUrl":"https:\/\/zovmaps.com\/wp-content\/uploads\/2025\/06\/s-dnjom-rossii-1-1024x1024.jpg"},{"@type":"BreadcrumbList","@id":"https:\/\/zovmaps.com\/news\/pozdravljaem-s-dnjom-rossii\/#breadcrumb","itemListElement":[{"@type":"ListItem","position":1,"name":"\u0413\u043b\u0430\u0432\u043d\u0430\u044f","item":"https:\/\/zovmaps.com\/"},{"@type":"ListItem","position":2,"name":"\u041d\u043e\u0432\u043e\u0441\u0442\u0438","item":"https:\/\/zovmaps.com\/news\/"},{"@type":"ListItem","position":3,"name":"\u041f\u043e\u0437\u0434\u0440\u0430\u0432\u043b\u044f\u0435\u043c \u0441 \u0414\u043d\u0451\u043c \u0420\u043e\u0441\u0441\u0438\u0438!"}]},{"@type":"WebSite","@id":"https:\/\/zovmaps.com\/#website","url":"https:\/\/zovmaps.com\/","name":"\"ZOV Maps\" - Complexe d'information g\u00e9ographique mobile \u00e0 usage tactique","description":"Application mobile universelle pour la navigation, la planification tactique et la coordination hors ligne des unit\u00e9s.","publisher":{"@id":"https:\/\/zovmaps.com\/#organization"},"potentialAction":[{"@type":"SearchAction","target":{"@type":"EntryPoint","urlTemplate":"https:\/\/zovmaps.com\/?s={search_term_string}"},"query-input":{"@type":"PropertyValueSpecification","valueRequired":true,"valueName":"search_term_string"}}],"inLanguage":"fr-FR"},{"@type":"Organization","@id":"https:\/\/zovmaps.com\/#organization","name":"\"ZOV Maps\" - Complexe d'information g\u00e9ographique mobile \u00e0 usage tactique","url":"https:\/\/zovmaps.com\/","logo":{"@type":"ImageObject","inLanguage":"fr-FR","@id":"https:\/\/zovmaps.com\/#\/schema\/logo\/image\/","url":"https:\/\/zovmaps.com\/wp-content\/uploads\/2025\/03\/logo-white.png","contentUrl":"https:\/\/zovmaps.com\/wp-content\/uploads\/2025\/03\/logo-white.png","width":952,"height":204,"caption":"\u00abZOV \u041a\u0430\u0440\u0442\u044b\u00bb \u2014 \u041c\u043e\u0431\u0438\u043b\u044c\u043d\u044b\u0439 \u0433\u0435\u043e\u0438\u043d\u0444\u043e\u0440\u043c\u0430\u0446\u0438\u043e\u043d\u043d\u044b\u0439 \u043a\u043e\u043c\u043f\u043b\u0435\u043a\u0441 \u0442\u0430\u043a\u0442\u0438\u0447\u0435\u0441\u043a\u043e\u0433\u043e \u043d\u0430\u0437\u043d\u0430\u0447\u0435\u043d\u0438\u044f"},"image":{"@id":"https:\/\/zovmaps.com\/#\/schema\/logo\/image\/"}}]}},"_links":{"self":[{"href":"https:\/\/zovmaps.com\/fr\/wp-json\/wp\/v2\/pages\/3554","targetHints":{"allow":["GET"]}}],"collection":[{"href":"https:\/\/zovmaps.com\/fr\/wp-json\/wp\/v2\/pages"}],"about":[{"href":"https:\/\/zovmaps.com\/fr\/wp-json\/wp\/v2\/types\/page"}],"author":[{"embeddable":true,"href":"https:\/\/zovmaps.com\/fr\/wp-json\/wp\/v2\/users\/247"}],"replies":[{"embeddable":true,"href":"https:\/\/zovmaps.com\/fr\/wp-json\/wp\/v2\/comments?post=3554"}],"version-history":[{"count":1,"href":"https:\/\/zovmaps.com\/fr\/wp-json\/wp\/v2\/pages\/3554\/revisions"}],"predecessor-version":[{"id":3556,"href":"https:\/\/zovmaps.com\/fr\/wp-json\/wp\/v2\/pages\/3554\/revisions\/3556"}],"up":[{"embeddable":true,"href":"https:\/\/zovmaps.com\/fr\/wp-json\/wp\/v2\/pages\/2183"}],"wp:attachment":[{"href":"https:\/\/zovmaps.com\/fr\/wp-json\/wp\/v2\/media?parent=3554"}],"curies":[{"name":"wp","href":"https:\/\/api.w.org\/{rel}","templated":true}]}}