{"id":799,"date":"2025-03-06T11:48:26","date_gmt":"2025-03-06T11:48:26","guid":{"rendered":"https:\/\/zovmaps.com\/?page_id=799"},"modified":"2025-04-16T12:27:13","modified_gmt":"2025-04-16T09:27:13","slug":"about-quant","status":"publish","type":"page","link":"https:\/\/zovmaps.com\/fr\/about-quant\/","title":{"rendered":"\"Kvant\" - messager militaire tactique"},"content":{"rendered":"<p>\u00abQuantum\u00bb est une application mobile de messagerie tactique, un logiciel de base du logiciel mobile et du complexe mat\u00e9riel de messagerie tactique \u00abQuantum\u00bb, utilis\u00e9 en conjonction avec des dispositifs de transmission radio int\u00e9gr\u00e9s au syst\u00e8me mobile d'information g\u00e9ographique militaire \u00abZOV Maps\u00bb (et d'autres). <\/p>\n\n\n\n<p>Il est destin\u00e9 \u00e0 la transmission\/r\u00e9ception de signaux de contr\u00f4le, au contr\u00f4le des tirs, \u00e0 la transmission\/r\u00e9ception de la situation op\u00e9rationnelle et tactique, de donn\u00e9es g\u00e9ospatiales, de m\u00e9tadonn\u00e9es, de messages textuels, de donn\u00e9es relatives \u00e0 la d\u00e9signation des cibles et d'autres donn\u00e9es ; il est utilis\u00e9 dans l'ex\u00e9cution de t\u00e2ches de combat et de t\u00e2ches sp\u00e9ciales par des unit\u00e9s de types et de branches de troupes (forces) des forces arm\u00e9es de la Russie, de la Rosgvardia, du minist\u00e8re des affaires int\u00e9rieures, du service f\u00e9d\u00e9ral de s\u00e9curit\u00e9, du service f\u00e9d\u00e9ral de garde, du minist\u00e8re des situations d'urgence, du bureau du procureur g\u00e9n\u00e9ral, du service f\u00e9d\u00e9ral des imp\u00f4ts, du service f\u00e9d\u00e9ral des imp\u00f4ts, du service f\u00e9d\u00e9ral de s\u00e9curit\u00e9, du minist\u00e8re des affaires int\u00e9rieures, du service f\u00e9d\u00e9ral de s\u00e9curit\u00e9, du minist\u00e8re de la d\u00e9fense, du minist\u00e8re des affaires int\u00e9rieures, du service f\u00e9d\u00e9ral de s\u00e9curit\u00e9, du minist\u00e8re des affaires int\u00e9rieures, du minist\u00e8re de la d\u00e9fense, du minist\u00e8re de la d\u00e9fense, du minist\u00e8re des affaires int\u00e9rieures, du minist\u00e8re des affaires int\u00e9rieures, du service f\u00e9d\u00e9ral de s\u00e9curit\u00e9, du service f\u00e9d\u00e9ral de s\u00e9curit\u00e9, du minist\u00e8re des situations d'urgence.<\/p>","protected":false},"excerpt":{"rendered":"<p>\u00ab\u041a\u0432\u0430\u043d\u0442\u00bb &#8212; \u043f\u0440\u0435\u0434\u0441\u0442\u0430\u0432\u043b\u044f\u0435\u0442 \u0441\u043e\u0431\u043e\u0439 \u043c\u043e\u0431\u0438\u043b\u044c\u043d\u043e\u0435 \u043f\u0440\u0438\u043b\u043e\u0436\u0435\u043d\u0438\u0435 &#8212; \u0442\u0430\u043a\u0442\u0438\u0447\u0435\u0441\u043a\u0438\u0439 \u043c\u0435\u0441\u0441\u0435\u043d\u0434\u0436\u0435\u0440, \u044f\u0432\u043b\u044f\u0435\u0442\u0441\u044f \u0431\u0430\u0437\u043e\u0432\u043e\u0439 \u043f\u0440\u043e\u0433\u0440\u0430\u043c\u043c\u043d\u043e\u0439 \u0447\u0430\u0441\u0442\u044c\u044e \u043c\u043e\u0431\u0438\u043b\u044c\u043d\u043e\u0433\u043e \u043f\u0440\u043e\u0433\u0440\u0430\u043c\u043c\u043d\u043e-\u0430\u043f\u043f\u0430\u0440\u0430\u0442\u043d\u043e\u0433\u043e \u043a\u043e\u043c\u043f\u043b\u0435\u043a\u0441\u0430 \u0442\u0430\u043a\u0442\u0438\u0447\u0435\u0441\u043a\u043e\u0433\u043e \u043c\u0435\u0441\u0441\u0435\u043d\u0434\u0436\u0435\u0440\u0430 \u00ab\u041a\u0432\u0430\u043d\u0442\u00bb, \u0438\u0441\u043f\u043e\u043b\u044c\u0437\u0443\u0435\u0442\u0441\u044f \u0441\u043e\u0432\u043c\u0435\u0441\u0442\u043d\u043e \u0441 \u0440\u0430\u0434\u0438\u043e\u043f\u0435\u0440\u0435\u0434\u0430\u044e\u0449\u0438\u043c\u0438 \u0443\u0441\u0442\u0440\u043e\u0439\u0441\u0442\u0432\u0430\u043c\u0438,\u00a0\u0438\u043d\u0442\u0435\u0433\u0440\u0438\u0440\u043e\u0432\u0430\u043d\u043d\u044b\u043c\u0438 \u0441\u00a0\u043c\u043e\u0431\u0438\u043b\u044c\u043d\u043e\u0439 \u0433\u0435\u043e\u0438\u043d\u0444\u043e\u0440\u043c\u0430\u0446\u0438\u043e\u043d\u043d\u043e\u0439 \u0441\u0438\u0441\u0442\u0435\u043c\u043e\u0439 \u0432\u043e\u0435\u043d\u043d\u043e\u0433\u043e \u043d\u0430\u0437\u043d\u0430\u0447\u0435\u043d\u0438\u044f \u00abZOV\u00a0\u041a\u0430\u0440\u0442\u044b\u00bb (\u0438 \u0434\u0440.). \u041f\u0440\u0435\u0434\u043d\u0430\u0437\u043d\u0430\u0447\u0435\u043d\u043e \u0434\u043b\u044f \u043f\u0435\u0440\u0435\u0434\u0430\u0447\u0438 \/ \u043f\u0440\u0438\u0435\u043c\u0430\u00a0\u0441\u0438\u0433\u043d\u0430\u043b\u043e\u0432 \u0443\u043f\u0440\u0430\u0432\u043b\u0435\u043d\u0438\u044f, \u0443\u043f\u0440\u0430\u0432\u043b\u0435\u043d\u0438\u044f \u043e\u0433\u043d\u0435\u043c, \u043f\u0435\u0440\u0435\u0434\u0430\u0447\u0435\u0439 \/ \u043f\u0440\u0438\u0435\u043c\u043e\u043c \u043e\u043f\u0435\u0440\u0430\u0442\u0438\u0432\u043d\u043e-\u0442\u0430\u043a\u0442\u0438\u0447\u0435\u0441\u043a\u043e\u0439 \u043e\u0431\u0441\u0442\u0430\u043d\u043e\u0432\u043a\u0438, \u0433\u0435\u043e\u043f\u0440\u043e\u0441\u0442\u0440\u0430\u043d\u0441\u0442\u0432\u0435\u043d\u043d\u044b\u0445 \u0434\u0430\u043d\u043d\u044b\u0445, \u043c\u0435\u0442\u0430\u0434\u0430\u043d\u043d\u044b\u0445, \u0442\u0435\u043a\u0441\u0442\u043e\u0432\u044b\u0445 \u0441\u043e\u043e\u0431\u0449\u0435\u043d\u0438\u0439, \u0434\u0430\u043d\u043d\u044b\u0445 \u0446\u0435\u043b\u0435\u0443\u043a\u0430\u0437\u0430\u043d\u0438\u044f \u0438 \u0434\u0440\u0443\u0433\u0438\u0445 \u0434\u0430\u043d\u043d\u044b\u0445, [&hellip;]<\/p>\n","protected":false},"author":243,"featured_media":0,"parent":0,"menu_order":0,"comment_status":"closed","ping_status":"closed","template":"","meta":{"_acf_changed":false,"footnotes":""},"class_list":["post-799","page","type-page","status-publish","hentry"],"acf":[],"yoast_head":"<!-- This site is optimized with the Yoast SEO plugin v27.4 - https:\/\/yoast.com\/product\/yoast-seo-wordpress\/ -->\n<title>\u00ab\u041a\u0432\u0430\u043d\u0442\u00bb \u2013 \u0442\u0430\u043a\u0442\u0438\u0447\u0435\u0441\u043a\u0438\u0439 \u043c\u0435\u0441\u0441\u0435\u043d\u0434\u0436\u0435\u0440 \u0432\u043e\u0435\u043d\u043d\u043e\u0433\u043e \u043d\u0430\u0437\u043d\u0430\u0447\u0435\u043d\u0438\u044f - \u00abZOV \u041a\u0430\u0440\u0442\u044b\u00bb \u2014 \u041c\u043e\u0431\u0438\u043b\u044c\u043d\u044b\u0439 \u0433\u0435\u043e\u0438\u043d\u0444\u043e\u0440\u043c\u0430\u0446\u0438\u043e\u043d\u043d\u044b\u0439 \u043a\u043e\u043c\u043f\u043b\u0435\u043a\u0441 \u0442\u0430\u043a\u0442\u0438\u0447\u0435\u0441\u043a\u043e\u0433\u043e \u043d\u0430\u0437\u043d\u0430\u0447\u0435\u043d\u0438\u044f<\/title>\n<meta name=\"robots\" content=\"index, follow, max-snippet:-1, max-image-preview:large, max-video-preview:-1\" \/>\n<link rel=\"canonical\" href=\"https:\/\/zovmaps.com\/fr\/about-quant\/\" \/>\n<meta property=\"og:locale\" content=\"fr_FR\" \/>\n<meta property=\"og:type\" content=\"article\" \/>\n<meta property=\"og:title\" content=\"\u00ab\u041a\u0432\u0430\u043d\u0442\u00bb \u2013 \u0442\u0430\u043a\u0442\u0438\u0447\u0435\u0441\u043a\u0438\u0439 \u043c\u0435\u0441\u0441\u0435\u043d\u0434\u0436\u0435\u0440 \u0432\u043e\u0435\u043d\u043d\u043e\u0433\u043e \u043d\u0430\u0437\u043d\u0430\u0447\u0435\u043d\u0438\u044f - \u00abZOV \u041a\u0430\u0440\u0442\u044b\u00bb \u2014 \u041c\u043e\u0431\u0438\u043b\u044c\u043d\u044b\u0439 \u0433\u0435\u043e\u0438\u043d\u0444\u043e\u0440\u043c\u0430\u0446\u0438\u043e\u043d\u043d\u044b\u0439 \u043a\u043e\u043c\u043f\u043b\u0435\u043a\u0441 \u0442\u0430\u043a\u0442\u0438\u0447\u0435\u0441\u043a\u043e\u0433\u043e \u043d\u0430\u0437\u043d\u0430\u0447\u0435\u043d\u0438\u044f\" \/>\n<meta property=\"og:description\" content=\"\u00ab\u041a\u0432\u0430\u043d\u0442\u00bb &#8212; \u043f\u0440\u0435\u0434\u0441\u0442\u0430\u0432\u043b\u044f\u0435\u0442 \u0441\u043e\u0431\u043e\u0439 \u043c\u043e\u0431\u0438\u043b\u044c\u043d\u043e\u0435 \u043f\u0440\u0438\u043b\u043e\u0436\u0435\u043d\u0438\u0435 &#8212; \u0442\u0430\u043a\u0442\u0438\u0447\u0435\u0441\u043a\u0438\u0439 \u043c\u0435\u0441\u0441\u0435\u043d\u0434\u0436\u0435\u0440, \u044f\u0432\u043b\u044f\u0435\u0442\u0441\u044f \u0431\u0430\u0437\u043e\u0432\u043e\u0439 \u043f\u0440\u043e\u0433\u0440\u0430\u043c\u043c\u043d\u043e\u0439 \u0447\u0430\u0441\u0442\u044c\u044e \u043c\u043e\u0431\u0438\u043b\u044c\u043d\u043e\u0433\u043e \u043f\u0440\u043e\u0433\u0440\u0430\u043c\u043c\u043d\u043e-\u0430\u043f\u043f\u0430\u0440\u0430\u0442\u043d\u043e\u0433\u043e \u043a\u043e\u043c\u043f\u043b\u0435\u043a\u0441\u0430 \u0442\u0430\u043a\u0442\u0438\u0447\u0435\u0441\u043a\u043e\u0433\u043e \u043c\u0435\u0441\u0441\u0435\u043d\u0434\u0436\u0435\u0440\u0430 \u00ab\u041a\u0432\u0430\u043d\u0442\u00bb, \u0438\u0441\u043f\u043e\u043b\u044c\u0437\u0443\u0435\u0442\u0441\u044f \u0441\u043e\u0432\u043c\u0435\u0441\u0442\u043d\u043e \u0441 \u0440\u0430\u0434\u0438\u043e\u043f\u0435\u0440\u0435\u0434\u0430\u044e\u0449\u0438\u043c\u0438 \u0443\u0441\u0442\u0440\u043e\u0439\u0441\u0442\u0432\u0430\u043c\u0438,\u00a0\u0438\u043d\u0442\u0435\u0433\u0440\u0438\u0440\u043e\u0432\u0430\u043d\u043d\u044b\u043c\u0438 \u0441\u00a0\u043c\u043e\u0431\u0438\u043b\u044c\u043d\u043e\u0439 \u0433\u0435\u043e\u0438\u043d\u0444\u043e\u0440\u043c\u0430\u0446\u0438\u043e\u043d\u043d\u043e\u0439 \u0441\u0438\u0441\u0442\u0435\u043c\u043e\u0439 \u0432\u043e\u0435\u043d\u043d\u043e\u0433\u043e \u043d\u0430\u0437\u043d\u0430\u0447\u0435\u043d\u0438\u044f \u00abZOV\u00a0\u041a\u0430\u0440\u0442\u044b\u00bb (\u0438 \u0434\u0440.). \u041f\u0440\u0435\u0434\u043d\u0430\u0437\u043d\u0430\u0447\u0435\u043d\u043e \u0434\u043b\u044f \u043f\u0435\u0440\u0435\u0434\u0430\u0447\u0438 \/ \u043f\u0440\u0438\u0435\u043c\u0430\u00a0\u0441\u0438\u0433\u043d\u0430\u043b\u043e\u0432 \u0443\u043f\u0440\u0430\u0432\u043b\u0435\u043d\u0438\u044f, \u0443\u043f\u0440\u0430\u0432\u043b\u0435\u043d\u0438\u044f \u043e\u0433\u043d\u0435\u043c, \u043f\u0435\u0440\u0435\u0434\u0430\u0447\u0435\u0439 \/ \u043f\u0440\u0438\u0435\u043c\u043e\u043c \u043e\u043f\u0435\u0440\u0430\u0442\u0438\u0432\u043d\u043e-\u0442\u0430\u043a\u0442\u0438\u0447\u0435\u0441\u043a\u043e\u0439 \u043e\u0431\u0441\u0442\u0430\u043d\u043e\u0432\u043a\u0438, \u0433\u0435\u043e\u043f\u0440\u043e\u0441\u0442\u0440\u0430\u043d\u0441\u0442\u0432\u0435\u043d\u043d\u044b\u0445 \u0434\u0430\u043d\u043d\u044b\u0445, \u043c\u0435\u0442\u0430\u0434\u0430\u043d\u043d\u044b\u0445, \u0442\u0435\u043a\u0441\u0442\u043e\u0432\u044b\u0445 \u0441\u043e\u043e\u0431\u0449\u0435\u043d\u0438\u0439, \u0434\u0430\u043d\u043d\u044b\u0445 \u0446\u0435\u043b\u0435\u0443\u043a\u0430\u0437\u0430\u043d\u0438\u044f \u0438 \u0434\u0440\u0443\u0433\u0438\u0445 \u0434\u0430\u043d\u043d\u044b\u0445, [&hellip;]\" \/>\n<meta property=\"og:url\" content=\"https:\/\/zovmaps.com\/fr\/about-quant\/\" \/>\n<meta property=\"og:site_name\" content=\"\u00abZOV \u041a\u0430\u0440\u0442\u044b\u00bb \u2014 \u041c\u043e\u0431\u0438\u043b\u044c\u043d\u044b\u0439 \u0433\u0435\u043e\u0438\u043d\u0444\u043e\u0440\u043c\u0430\u0446\u0438\u043e\u043d\u043d\u044b\u0439 \u043a\u043e\u043c\u043f\u043b\u0435\u043a\u0441 \u0442\u0430\u043a\u0442\u0438\u0447\u0435\u0441\u043a\u043e\u0433\u043e \u043d\u0430\u0437\u043d\u0430\u0447\u0435\u043d\u0438\u044f\" \/>\n<meta property=\"article:modified_time\" content=\"2025-04-16T09:27:13+00:00\" \/>\n<meta name=\"twitter:card\" content=\"summary_large_image\" \/>\n<meta name=\"twitter:label1\" content=\"Dur\u00e9e de lecture estim\u00e9e\" \/>\n\t<meta name=\"twitter:data1\" content=\"1 minute\" \/>\n<script type=\"application\/ld+json\" class=\"yoast-schema-graph\">{\"@context\":\"https:\\\/\\\/schema.org\",\"@graph\":[{\"@type\":\"WebPage\",\"@id\":\"https:\\\/\\\/zovmaps.com\\\/about-quant\\\/\",\"url\":\"https:\\\/\\\/zovmaps.com\\\/about-quant\\\/\",\"name\":\"\u00ab\u041a\u0432\u0430\u043d\u0442\u00bb \u2013 \u0442\u0430\u043a\u0442\u0438\u0447\u0435\u0441\u043a\u0438\u0439 \u043c\u0435\u0441\u0441\u0435\u043d\u0434\u0436\u0435\u0440 \u0432\u043e\u0435\u043d\u043d\u043e\u0433\u043e \u043d\u0430\u0437\u043d\u0430\u0447\u0435\u043d\u0438\u044f - \u00abZOV \u041a\u0430\u0440\u0442\u044b\u00bb \u2014 \u041c\u043e\u0431\u0438\u043b\u044c\u043d\u044b\u0439 \u0433\u0435\u043e\u0438\u043d\u0444\u043e\u0440\u043c\u0430\u0446\u0438\u043e\u043d\u043d\u044b\u0439 \u043a\u043e\u043c\u043f\u043b\u0435\u043a\u0441 \u0442\u0430\u043a\u0442\u0438\u0447\u0435\u0441\u043a\u043e\u0433\u043e \u043d\u0430\u0437\u043d\u0430\u0447\u0435\u043d\u0438\u044f\",\"isPartOf\":{\"@id\":\"https:\\\/\\\/zovmaps.com\\\/#website\"},\"datePublished\":\"2025-03-06T11:48:26+00:00\",\"dateModified\":\"2025-04-16T09:27:13+00:00\",\"breadcrumb\":{\"@id\":\"https:\\\/\\\/zovmaps.com\\\/about-quant\\\/#breadcrumb\"},\"inLanguage\":\"fr-FR\",\"potentialAction\":[{\"@type\":\"ReadAction\",\"target\":[\"https:\\\/\\\/zovmaps.com\\\/about-quant\\\/\"]}]},{\"@type\":\"BreadcrumbList\",\"@id\":\"https:\\\/\\\/zovmaps.com\\\/about-quant\\\/#breadcrumb\",\"itemListElement\":[{\"@type\":\"ListItem\",\"position\":1,\"name\":\"\u0413\u043b\u0430\u0432\u043d\u0430\u044f\",\"item\":\"https:\\\/\\\/zovmaps.com\\\/\"},{\"@type\":\"ListItem\",\"position\":2,\"name\":\"\u00ab\u041a\u0432\u0430\u043d\u0442\u00bb \u2013 \u0442\u0430\u043a\u0442\u0438\u0447\u0435\u0441\u043a\u0438\u0439 \u043c\u0435\u0441\u0441\u0435\u043d\u0434\u0436\u0435\u0440 \u0432\u043e\u0435\u043d\u043d\u043e\u0433\u043e \u043d\u0430\u0437\u043d\u0430\u0447\u0435\u043d\u0438\u044f\"}]},{\"@type\":\"WebSite\",\"@id\":\"https:\\\/\\\/zovmaps.com\\\/#website\",\"url\":\"https:\\\/\\\/zovmaps.com\\\/\",\"name\":\"\u00abZOV \u041a\u0430\u0440\u0442\u044b\u00bb \u2014 \u041c\u043e\u0431\u0438\u043b\u044c\u043d\u044b\u0439 \u0433\u0435\u043e\u0438\u043d\u0444\u043e\u0440\u043c\u0430\u0446\u0438\u043e\u043d\u043d\u044b\u0439 \u043a\u043e\u043c\u043f\u043b\u0435\u043a\u0441 \u0442\u0430\u043a\u0442\u0438\u0447\u0435\u0441\u043a\u043e\u0433\u043e \u043d\u0430\u0437\u043d\u0430\u0447\u0435\u043d\u0438\u044f\",\"description\":\"\u0423\u043d\u0438\u0432\u0435\u0440\u0441\u0430\u043b\u044c\u043d\u043e\u0435 \u043c\u043e\u0431\u0438\u043b\u044c\u043d\u043e\u0435 \u043f\u0440\u0438\u043b\u043e\u0436\u0435\u043d\u0438\u0435 \u0434\u043b\u044f \u043d\u0430\u0432\u0438\u0433\u0430\u0446\u0438\u0438, \u0442\u0430\u043a\u0442\u0438\u0447\u0435\u0441\u043a\u043e\u0433\u043e \u043f\u043b\u0430\u043d\u0438\u0440\u043e\u0432\u0430\u043d\u0438\u044f \u0438 \u043a\u043e\u043e\u0440\u0434\u0438\u043d\u0430\u0446\u0438\u0438 \u0434\u0435\u0439\u0441\u0442\u0432\u0438\u0439 \u043f\u043e\u0434\u0440\u0430\u0437\u0434\u0435\u043b\u0435\u043d\u0438\u0439 \u0432 \u0430\u0432\u0442\u043e\u043d\u043e\u043c\u043d\u043e\u043c \u0440\u0435\u0436\u0438\u043c\u0435.\",\"publisher\":{\"@id\":\"https:\\\/\\\/zovmaps.com\\\/#organization\"},\"potentialAction\":[{\"@type\":\"SearchAction\",\"target\":{\"@type\":\"EntryPoint\",\"urlTemplate\":\"https:\\\/\\\/zovmaps.com\\\/?s={search_term_string}\"},\"query-input\":{\"@type\":\"PropertyValueSpecification\",\"valueRequired\":true,\"valueName\":\"search_term_string\"}}],\"inLanguage\":\"fr-FR\"},{\"@type\":\"Organization\",\"@id\":\"https:\\\/\\\/zovmaps.com\\\/#organization\",\"name\":\"\u00abZOV \u041a\u0430\u0440\u0442\u044b\u00bb \u2014 \u041c\u043e\u0431\u0438\u043b\u044c\u043d\u044b\u0439 \u0433\u0435\u043e\u0438\u043d\u0444\u043e\u0440\u043c\u0430\u0446\u0438\u043e\u043d\u043d\u044b\u0439 \u043a\u043e\u043c\u043f\u043b\u0435\u043a\u0441 \u0442\u0430\u043a\u0442\u0438\u0447\u0435\u0441\u043a\u043e\u0433\u043e \u043d\u0430\u0437\u043d\u0430\u0447\u0435\u043d\u0438\u044f\",\"url\":\"https:\\\/\\\/zovmaps.com\\\/\",\"logo\":{\"@type\":\"ImageObject\",\"inLanguage\":\"fr-FR\",\"@id\":\"https:\\\/\\\/zovmaps.com\\\/#\\\/schema\\\/logo\\\/image\\\/\",\"url\":\"https:\\\/\\\/zovmaps.com\\\/wp-content\\\/uploads\\\/2025\\\/03\\\/logo-white.png\",\"contentUrl\":\"https:\\\/\\\/zovmaps.com\\\/wp-content\\\/uploads\\\/2025\\\/03\\\/logo-white.png\",\"width\":952,\"height\":204,\"caption\":\"\u00abZOV \u041a\u0430\u0440\u0442\u044b\u00bb \u2014 \u041c\u043e\u0431\u0438\u043b\u044c\u043d\u044b\u0439 \u0433\u0435\u043e\u0438\u043d\u0444\u043e\u0440\u043c\u0430\u0446\u0438\u043e\u043d\u043d\u044b\u0439 \u043a\u043e\u043c\u043f\u043b\u0435\u043a\u0441 \u0442\u0430\u043a\u0442\u0438\u0447\u0435\u0441\u043a\u043e\u0433\u043e \u043d\u0430\u0437\u043d\u0430\u0447\u0435\u043d\u0438\u044f\"},\"image\":{\"@id\":\"https:\\\/\\\/zovmaps.com\\\/#\\\/schema\\\/logo\\\/image\\\/\"}}]}<\/script>\n<!-- \/ Yoast SEO plugin. -->","yoast_head_json":{"title":"\"Quantum\" - messager militaire tactique - \"ZOV Maps\" - complexe mobile de g\u00e9o-information \u00e0 des fins tactiques","robots":{"index":"index","follow":"follow","max-snippet":"max-snippet:-1","max-image-preview":"max-image-preview:large","max-video-preview":"max-video-preview:-1"},"canonical":"https:\/\/zovmaps.com\/fr\/about-quant\/","og_locale":"fr_FR","og_type":"article","og_title":"\u00ab\u041a\u0432\u0430\u043d\u0442\u00bb \u2013 \u0442\u0430\u043a\u0442\u0438\u0447\u0435\u0441\u043a\u0438\u0439 \u043c\u0435\u0441\u0441\u0435\u043d\u0434\u0436\u0435\u0440 \u0432\u043e\u0435\u043d\u043d\u043e\u0433\u043e \u043d\u0430\u0437\u043d\u0430\u0447\u0435\u043d\u0438\u044f - \u00abZOV \u041a\u0430\u0440\u0442\u044b\u00bb \u2014 \u041c\u043e\u0431\u0438\u043b\u044c\u043d\u044b\u0439 \u0433\u0435\u043e\u0438\u043d\u0444\u043e\u0440\u043c\u0430\u0446\u0438\u043e\u043d\u043d\u044b\u0439 \u043a\u043e\u043c\u043f\u043b\u0435\u043a\u0441 \u0442\u0430\u043a\u0442\u0438\u0447\u0435\u0441\u043a\u043e\u0433\u043e \u043d\u0430\u0437\u043d\u0430\u0447\u0435\u043d\u0438\u044f","og_description":"\u00ab\u041a\u0432\u0430\u043d\u0442\u00bb &#8212; \u043f\u0440\u0435\u0434\u0441\u0442\u0430\u0432\u043b\u044f\u0435\u0442 \u0441\u043e\u0431\u043e\u0439 \u043c\u043e\u0431\u0438\u043b\u044c\u043d\u043e\u0435 \u043f\u0440\u0438\u043b\u043e\u0436\u0435\u043d\u0438\u0435 &#8212; \u0442\u0430\u043a\u0442\u0438\u0447\u0435\u0441\u043a\u0438\u0439 \u043c\u0435\u0441\u0441\u0435\u043d\u0434\u0436\u0435\u0440, \u044f\u0432\u043b\u044f\u0435\u0442\u0441\u044f \u0431\u0430\u0437\u043e\u0432\u043e\u0439 \u043f\u0440\u043e\u0433\u0440\u0430\u043c\u043c\u043d\u043e\u0439 \u0447\u0430\u0441\u0442\u044c\u044e \u043c\u043e\u0431\u0438\u043b\u044c\u043d\u043e\u0433\u043e \u043f\u0440\u043e\u0433\u0440\u0430\u043c\u043c\u043d\u043e-\u0430\u043f\u043f\u0430\u0440\u0430\u0442\u043d\u043e\u0433\u043e \u043a\u043e\u043c\u043f\u043b\u0435\u043a\u0441\u0430 \u0442\u0430\u043a\u0442\u0438\u0447\u0435\u0441\u043a\u043e\u0433\u043e \u043c\u0435\u0441\u0441\u0435\u043d\u0434\u0436\u0435\u0440\u0430 \u00ab\u041a\u0432\u0430\u043d\u0442\u00bb, \u0438\u0441\u043f\u043e\u043b\u044c\u0437\u0443\u0435\u0442\u0441\u044f \u0441\u043e\u0432\u043c\u0435\u0441\u0442\u043d\u043e \u0441 \u0440\u0430\u0434\u0438\u043e\u043f\u0435\u0440\u0435\u0434\u0430\u044e\u0449\u0438\u043c\u0438 \u0443\u0441\u0442\u0440\u043e\u0439\u0441\u0442\u0432\u0430\u043c\u0438,\u00a0\u0438\u043d\u0442\u0435\u0433\u0440\u0438\u0440\u043e\u0432\u0430\u043d\u043d\u044b\u043c\u0438 \u0441\u00a0\u043c\u043e\u0431\u0438\u043b\u044c\u043d\u043e\u0439 \u0433\u0435\u043e\u0438\u043d\u0444\u043e\u0440\u043c\u0430\u0446\u0438\u043e\u043d\u043d\u043e\u0439 \u0441\u0438\u0441\u0442\u0435\u043c\u043e\u0439 \u0432\u043e\u0435\u043d\u043d\u043e\u0433\u043e \u043d\u0430\u0437\u043d\u0430\u0447\u0435\u043d\u0438\u044f \u00abZOV\u00a0\u041a\u0430\u0440\u0442\u044b\u00bb (\u0438 \u0434\u0440.). \u041f\u0440\u0435\u0434\u043d\u0430\u0437\u043d\u0430\u0447\u0435\u043d\u043e \u0434\u043b\u044f \u043f\u0435\u0440\u0435\u0434\u0430\u0447\u0438 \/ \u043f\u0440\u0438\u0435\u043c\u0430\u00a0\u0441\u0438\u0433\u043d\u0430\u043b\u043e\u0432 \u0443\u043f\u0440\u0430\u0432\u043b\u0435\u043d\u0438\u044f, \u0443\u043f\u0440\u0430\u0432\u043b\u0435\u043d\u0438\u044f \u043e\u0433\u043d\u0435\u043c, \u043f\u0435\u0440\u0435\u0434\u0430\u0447\u0435\u0439 \/ \u043f\u0440\u0438\u0435\u043c\u043e\u043c \u043e\u043f\u0435\u0440\u0430\u0442\u0438\u0432\u043d\u043e-\u0442\u0430\u043a\u0442\u0438\u0447\u0435\u0441\u043a\u043e\u0439 \u043e\u0431\u0441\u0442\u0430\u043d\u043e\u0432\u043a\u0438, \u0433\u0435\u043e\u043f\u0440\u043e\u0441\u0442\u0440\u0430\u043d\u0441\u0442\u0432\u0435\u043d\u043d\u044b\u0445 \u0434\u0430\u043d\u043d\u044b\u0445, \u043c\u0435\u0442\u0430\u0434\u0430\u043d\u043d\u044b\u0445, \u0442\u0435\u043a\u0441\u0442\u043e\u0432\u044b\u0445 \u0441\u043e\u043e\u0431\u0449\u0435\u043d\u0438\u0439, \u0434\u0430\u043d\u043d\u044b\u0445 \u0446\u0435\u043b\u0435\u0443\u043a\u0430\u0437\u0430\u043d\u0438\u044f \u0438 \u0434\u0440\u0443\u0433\u0438\u0445 \u0434\u0430\u043d\u043d\u044b\u0445, [&hellip;]","og_url":"https:\/\/zovmaps.com\/fr\/about-quant\/","og_site_name":"\u00abZOV \u041a\u0430\u0440\u0442\u044b\u00bb \u2014 \u041c\u043e\u0431\u0438\u043b\u044c\u043d\u044b\u0439 \u0433\u0435\u043e\u0438\u043d\u0444\u043e\u0440\u043c\u0430\u0446\u0438\u043e\u043d\u043d\u044b\u0439 \u043a\u043e\u043c\u043f\u043b\u0435\u043a\u0441 \u0442\u0430\u043a\u0442\u0438\u0447\u0435\u0441\u043a\u043e\u0433\u043e \u043d\u0430\u0437\u043d\u0430\u0447\u0435\u043d\u0438\u044f","article_modified_time":"2025-04-16T09:27:13+00:00","twitter_card":"summary_large_image","twitter_misc":{"Dur\u00e9e de lecture estim\u00e9e":"1 minute"},"schema":{"@context":"https:\/\/schema.org","@graph":[{"@type":"WebPage","@id":"https:\/\/zovmaps.com\/about-quant\/","url":"https:\/\/zovmaps.com\/about-quant\/","name":"\"Quantum\" - messager militaire tactique - \"ZOV Maps\" - complexe mobile de g\u00e9o-information \u00e0 des fins tactiques","isPartOf":{"@id":"https:\/\/zovmaps.com\/#website"},"datePublished":"2025-03-06T11:48:26+00:00","dateModified":"2025-04-16T09:27:13+00:00","breadcrumb":{"@id":"https:\/\/zovmaps.com\/about-quant\/#breadcrumb"},"inLanguage":"fr-FR","potentialAction":[{"@type":"ReadAction","target":["https:\/\/zovmaps.com\/about-quant\/"]}]},{"@type":"BreadcrumbList","@id":"https:\/\/zovmaps.com\/about-quant\/#breadcrumb","itemListElement":[{"@type":"ListItem","position":1,"name":"\u0413\u043b\u0430\u0432\u043d\u0430\u044f","item":"https:\/\/zovmaps.com\/"},{"@type":"ListItem","position":2,"name":"\u00ab\u041a\u0432\u0430\u043d\u0442\u00bb \u2013 \u0442\u0430\u043a\u0442\u0438\u0447\u0435\u0441\u043a\u0438\u0439 \u043c\u0435\u0441\u0441\u0435\u043d\u0434\u0436\u0435\u0440 \u0432\u043e\u0435\u043d\u043d\u043e\u0433\u043e \u043d\u0430\u0437\u043d\u0430\u0447\u0435\u043d\u0438\u044f"}]},{"@type":"WebSite","@id":"https:\/\/zovmaps.com\/#website","url":"https:\/\/zovmaps.com\/","name":"\"ZOV Maps\" - Complexe d'information g\u00e9ographique mobile \u00e0 usage tactique","description":"Application mobile universelle pour la navigation, la planification tactique et la coordination hors ligne des unit\u00e9s.","publisher":{"@id":"https:\/\/zovmaps.com\/#organization"},"potentialAction":[{"@type":"SearchAction","target":{"@type":"EntryPoint","urlTemplate":"https:\/\/zovmaps.com\/?s={search_term_string}"},"query-input":{"@type":"PropertyValueSpecification","valueRequired":true,"valueName":"search_term_string"}}],"inLanguage":"fr-FR"},{"@type":"Organization","@id":"https:\/\/zovmaps.com\/#organization","name":"\"ZOV Maps\" - Complexe d'information g\u00e9ographique mobile \u00e0 usage tactique","url":"https:\/\/zovmaps.com\/","logo":{"@type":"ImageObject","inLanguage":"fr-FR","@id":"https:\/\/zovmaps.com\/#\/schema\/logo\/image\/","url":"https:\/\/zovmaps.com\/wp-content\/uploads\/2025\/03\/logo-white.png","contentUrl":"https:\/\/zovmaps.com\/wp-content\/uploads\/2025\/03\/logo-white.png","width":952,"height":204,"caption":"\u00abZOV \u041a\u0430\u0440\u0442\u044b\u00bb \u2014 \u041c\u043e\u0431\u0438\u043b\u044c\u043d\u044b\u0439 \u0433\u0435\u043e\u0438\u043d\u0444\u043e\u0440\u043c\u0430\u0446\u0438\u043e\u043d\u043d\u044b\u0439 \u043a\u043e\u043c\u043f\u043b\u0435\u043a\u0441 \u0442\u0430\u043a\u0442\u0438\u0447\u0435\u0441\u043a\u043e\u0433\u043e \u043d\u0430\u0437\u043d\u0430\u0447\u0435\u043d\u0438\u044f"},"image":{"@id":"https:\/\/zovmaps.com\/#\/schema\/logo\/image\/"}}]}},"_links":{"self":[{"href":"https:\/\/zovmaps.com\/fr\/wp-json\/wp\/v2\/pages\/799","targetHints":{"allow":["GET"]}}],"collection":[{"href":"https:\/\/zovmaps.com\/fr\/wp-json\/wp\/v2\/pages"}],"about":[{"href":"https:\/\/zovmaps.com\/fr\/wp-json\/wp\/v2\/types\/page"}],"author":[{"embeddable":true,"href":"https:\/\/zovmaps.com\/fr\/wp-json\/wp\/v2\/users\/243"}],"replies":[{"embeddable":true,"href":"https:\/\/zovmaps.com\/fr\/wp-json\/wp\/v2\/comments?post=799"}],"version-history":[{"count":1,"href":"https:\/\/zovmaps.com\/fr\/wp-json\/wp\/v2\/pages\/799\/revisions"}],"predecessor-version":[{"id":800,"href":"https:\/\/zovmaps.com\/fr\/wp-json\/wp\/v2\/pages\/799\/revisions\/800"}],"wp:attachment":[{"href":"https:\/\/zovmaps.com\/fr\/wp-json\/wp\/v2\/media?parent=799"}],"curies":[{"name":"wp","href":"https:\/\/api.w.org\/{rel}","templated":true}]}}